{"id":357,"date":"2021-01-29T16:32:28","date_gmt":"2021-01-29T09:32:28","guid":{"rendered":"http:\/\/www.gmp-avcarthage.com\/?page_id=357"},"modified":"2025-05-14T19:13:59","modified_gmt":"2025-05-14T19:13:59","slug":"about-us","status":"publish","type":"page","link":"https:\/\/www.gmp-avcarthage.com\/fr\/about-us\/","title":{"rendered":"\u00c0 propos"},"content":{"rendered":"<div data-elementor-type=\"wp-page\" data-elementor-id=\"357\" class=\"elementor elementor-357\">\n\t\t\t\t\t\t<section class=\"elementor-section elementor-top-section elementor-element elementor-element-2f4a578 elementor-section-boxed elementor-section-height-default elementor-section-height-default\" data-id=\"2f4a578\" data-element_type=\"section\">\n\t\t\t\t\t\t<div class=\"elementor-container elementor-column-gap-default\">\n\t\t\t\t\t<div class=\"elementor-column elementor-col-100 elementor-top-column elementor-element elementor-element-e94f979\" data-id=\"e94f979\" data-element_type=\"column\">\n\t\t\t<div class=\"elementor-widget-wrap elementor-element-populated\">\n\t\t\t\t\t\t<div class=\"elementor-element elementor-element-b9c1c33 elementor-widget elementor-widget-text-editor\" data-id=\"b9c1c33\" data-element_type=\"widget\" data-widget_type=\"text-editor.default\">\n\t\t\t\t<div class=\"elementor-widget-container\">\n\t\t\t\t\t\t\t\t\t<p>Notre Histoire\u00a0<\/p>\t\t\t\t\t\t\t\t<\/div>\n\t\t\t\t<\/div>\n\t\t\t\t<div class=\"elementor-element elementor-element-f3bdda2 elementor-widget elementor-widget-heading\" data-id=\"f3bdda2\" data-element_type=\"widget\" data-widget_type=\"heading.default\">\n\t\t\t\t<div class=\"elementor-widget-container\">\n\t\t\t\t\t<h2 class=\"elementor-heading-title elementor-size-default\">Magasin GMP<\/h2>\t\t\t\t<\/div>\n\t\t\t\t<\/div>\n\t\t\t\t<div class=\"elementor-element elementor-element-d6764e2 elementor-widget__width-initial elementor-widget elementor-widget-text-editor\" data-id=\"d6764e2\" data-element_type=\"widget\" data-widget_type=\"text-editor.default\">\n\t\t\t\t<div class=\"elementor-widget-container\">\n\t\t\t\t\t\t\t\t\t<p><strong data-start=\"163\" data-end=\"252\">Votre magasin de confiance pour tous vos travaux, \u00e0 l\u2019int\u00e9rieur comme \u00e0 l\u2019ext\u00e9rieur !<\/strong><br data-start=\"252\" data-end=\"255\" \/>Nous vous proposons une large s\u00e9lection de produits de qualit\u00e9 pour r\u00e9pondre \u00e0 tous vos besoins en <strong data-start=\"354\" data-end=\"404\">pneumatique, outillage, bricolage et jardinage<\/strong>. Que vous soyez un professionnel ou un particulier, vous trouverez chez nous tout le mat\u00e9riel n\u00e9cessaire pour entretenir votre maison, votre atelier ou votre jardin.<br data-start=\"570\" data-end=\"573\" \/>Du compresseur d\u2019air aux outils \u00e0 main, des machines de bricolage aux \u00e9quipements d\u2019entretien ext\u00e9rieur, nous mettons \u00e0 votre disposition des solutions performantes, durables et accessibles.<\/p>\t\t\t\t\t\t\t\t<\/div>\n\t\t\t\t<\/div>\n\t\t\t\t<div class=\"elementor-element elementor-element-68d03b4 elementor-widget elementor-widget-image\" data-id=\"68d03b4\" data-element_type=\"widget\" data-widget_type=\"image.default\">\n\t\t\t\t<div class=\"elementor-widget-container\">\n\t\t\t\t\t\t\t\t\t\t\t\t\t\t\t<img fetchpriority=\"high\" decoding=\"async\" width=\"1000\" height=\"524\" src=\"https:\/\/www.gmp-avcarthage.com\/wp-content\/uploads\/2025\/05\/shutterstock_617755751.jpg\" class=\"attachment-full size-full wp-image-5223\" alt=\"\" srcset=\"https:\/\/www.gmp-avcarthage.com\/wp-content\/uploads\/2025\/05\/shutterstock_617755751.jpg 1000w, https:\/\/www.gmp-avcarthage.com\/wp-content\/uploads\/2025\/05\/shutterstock_617755751-300x157.jpg 300w, https:\/\/www.gmp-avcarthage.com\/wp-content\/uploads\/2025\/05\/shutterstock_617755751-768x402.jpg 768w, https:\/\/www.gmp-avcarthage.com\/wp-content\/uploads\/2025\/05\/shutterstock_617755751-18x9.jpg 18w, https:\/\/www.gmp-avcarthage.com\/wp-content\/uploads\/2025\/05\/shutterstock_617755751-630x330.jpg 630w\" sizes=\"(max-width: 1000px) 100vw, 1000px\" \/>\t\t\t\t\t\t\t\t\t\t\t\t\t\t\t<\/div>\n\t\t\t\t<\/div>\n\t\t\t\t\t<\/div>\n\t\t<\/div>\n\t\t\t\t\t<\/div>\n\t\t<\/section>\n\t\t\t\t<section class=\"elementor-section elementor-top-section elementor-element elementor-element-13a0dcf elementor-section-boxed elementor-section-height-default elementor-section-height-default\" data-id=\"13a0dcf\" data-element_type=\"section\">\n\t\t\t\t\t\t<div class=\"elementor-container elementor-column-gap-default\">\n\t\t\t\t\t<div class=\"elementor-column elementor-col-100 elementor-top-column elementor-element elementor-element-881e5ba\" data-id=\"881e5ba\" data-element_type=\"column\">\n\t\t\t<div class=\"elementor-widget-wrap elementor-element-populated\">\n\t\t\t\t\t\t<div class=\"elementor-element elementor-element-93e932e elementor-widget elementor-widget-text-editor\" data-id=\"93e932e\" data-element_type=\"widget\" data-widget_type=\"text-editor.default\">\n\t\t\t\t<div class=\"elementor-widget-container\">\n\t\t\t\t\t\t\t\t\t<p>VENTE<\/p>\t\t\t\t\t\t\t\t<\/div>\n\t\t\t\t<\/div>\n\t\t\t\t<div class=\"elementor-element elementor-element-f88b9bc elementor-widget elementor-widget-heading\" data-id=\"f88b9bc\" data-element_type=\"widget\" data-widget_type=\"heading.default\">\n\t\t\t\t<div class=\"elementor-widget-container\">\n\t\t\t\t\t<h2 class=\"elementor-heading-title elementor-size-default\">Tous nos produits<\/h2>\t\t\t\t<\/div>\n\t\t\t\t<\/div>\n\t\t\t\t<section class=\"elementor-section elementor-inner-section elementor-element elementor-element-66b6215 mobile-mg-bottom elementor-section-boxed elementor-section-height-default elementor-section-height-default\" data-id=\"66b6215\" data-element_type=\"section\">\n\t\t\t\t\t\t<div class=\"elementor-container elementor-column-gap-default\">\n\t\t\t\t\t<div class=\"elementor-column elementor-col-50 elementor-inner-column elementor-element elementor-element-302994e\" data-id=\"302994e\" data-element_type=\"column\">\n\t\t\t<div class=\"elementor-widget-wrap elementor-element-populated\">\n\t\t\t\t\t\t<div class=\"elementor-element elementor-element-b7d6187 elementor-position-left elementor-vertical-align-middle elementor-widget elementor-widget-image-box\" data-id=\"b7d6187\" data-element_type=\"widget\" data-widget_type=\"image-box.default\">\n\t\t\t\t<div class=\"elementor-widget-container\">\n\t\t\t\t\t<div class=\"elementor-image-box-wrapper\"><figure class=\"elementor-image-box-img\"><a href=\"#\" tabindex=\"-1\"><img decoding=\"async\" width=\"512\" height=\"512\" src=\"https:\/\/www.gmp-avcarthage.com\/wp-content\/uploads\/2025\/05\/trimming.png\" class=\"elementor-animation-shrink attachment-full size-full wp-image-5224\" alt=\"\" srcset=\"https:\/\/www.gmp-avcarthage.com\/wp-content\/uploads\/2025\/05\/trimming.png 512w, https:\/\/www.gmp-avcarthage.com\/wp-content\/uploads\/2025\/05\/trimming-300x300.png 300w, https:\/\/www.gmp-avcarthage.com\/wp-content\/uploads\/2025\/05\/trimming-150x150.png 150w, https:\/\/www.gmp-avcarthage.com\/wp-content\/uploads\/2025\/05\/trimming-120x120.png 120w, https:\/\/www.gmp-avcarthage.com\/wp-content\/uploads\/2025\/05\/trimming-12x12.png 12w, https:\/\/www.gmp-avcarthage.com\/wp-content\/uploads\/2025\/05\/trimming-480x480.png 480w, https:\/\/www.gmp-avcarthage.com\/wp-content\/uploads\/2025\/05\/trimming-46x46.png 46w, https:\/\/www.gmp-avcarthage.com\/wp-content\/uploads\/2025\/05\/trimming-100x100.png 100w, https:\/\/www.gmp-avcarthage.com\/wp-content\/uploads\/2025\/05\/trimming-54x54.png 54w, https:\/\/www.gmp-avcarthage.com\/wp-content\/uploads\/2025\/05\/trimming-310x310.png 310w, https:\/\/www.gmp-avcarthage.com\/wp-content\/uploads\/2025\/05\/trimming-80x80.png 80w\" sizes=\"(max-width: 512px) 100vw, 512px\" \/><\/a><\/figure><div class=\"elementor-image-box-content\"><h4 class=\"elementor-image-box-title\"><a href=\"#\">Jardinage<\/a><\/h4><p class=\"elementor-image-box-description\">Outils et \u00e9quipements professionnels pour un jardin parfaitement entretenu.\n\n<\/p><\/div><\/div>\t\t\t\t<\/div>\n\t\t\t\t<\/div>\n\t\t\t\t<div class=\"elementor-element elementor-element-69bbd63 elementor-position-left elementor-vertical-align-middle elementor-widget elementor-widget-image-box\" data-id=\"69bbd63\" data-element_type=\"widget\" data-widget_type=\"image-box.default\">\n\t\t\t\t<div class=\"elementor-widget-container\">\n\t\t\t\t\t<div class=\"elementor-image-box-wrapper\"><figure class=\"elementor-image-box-img\"><a href=\"#\" tabindex=\"-1\"><img decoding=\"async\" width=\"512\" height=\"512\" src=\"https:\/\/www.gmp-avcarthage.com\/wp-content\/uploads\/2025\/05\/tools.png\" class=\"elementor-animation-shrink attachment-full size-full wp-image-5225\" alt=\"\" srcset=\"https:\/\/www.gmp-avcarthage.com\/wp-content\/uploads\/2025\/05\/tools.png 512w, https:\/\/www.gmp-avcarthage.com\/wp-content\/uploads\/2025\/05\/tools-300x300.png 300w, https:\/\/www.gmp-avcarthage.com\/wp-content\/uploads\/2025\/05\/tools-150x150.png 150w, https:\/\/www.gmp-avcarthage.com\/wp-content\/uploads\/2025\/05\/tools-120x120.png 120w, https:\/\/www.gmp-avcarthage.com\/wp-content\/uploads\/2025\/05\/tools-12x12.png 12w, https:\/\/www.gmp-avcarthage.com\/wp-content\/uploads\/2025\/05\/tools-480x480.png 480w, https:\/\/www.gmp-avcarthage.com\/wp-content\/uploads\/2025\/05\/tools-46x46.png 46w, https:\/\/www.gmp-avcarthage.com\/wp-content\/uploads\/2025\/05\/tools-100x100.png 100w, https:\/\/www.gmp-avcarthage.com\/wp-content\/uploads\/2025\/05\/tools-54x54.png 54w, https:\/\/www.gmp-avcarthage.com\/wp-content\/uploads\/2025\/05\/tools-310x310.png 310w, https:\/\/www.gmp-avcarthage.com\/wp-content\/uploads\/2025\/05\/tools-80x80.png 80w\" sizes=\"(max-width: 512px) 100vw, 512px\" \/><\/a><\/figure><div class=\"elementor-image-box-content\"><h4 class=\"elementor-image-box-title\"><a href=\"#\">Bricolage<\/a><\/h4><p class=\"elementor-image-box-description\">\u00c9quipement de bricolage pour vos travaux domestiques et professionnels.\n\n<\/p><\/div><\/div>\t\t\t\t<\/div>\n\t\t\t\t<\/div>\n\t\t\t\t\t<\/div>\n\t\t<\/div>\n\t\t\t\t<div class=\"elementor-column elementor-col-50 elementor-inner-column elementor-element elementor-element-09e878b\" data-id=\"09e878b\" data-element_type=\"column\">\n\t\t\t<div class=\"elementor-widget-wrap elementor-element-populated\">\n\t\t\t\t\t\t<div class=\"elementor-element elementor-element-343f7a0 elementor-position-left elementor-vertical-align-middle elementor-widget elementor-widget-image-box\" data-id=\"343f7a0\" data-element_type=\"widget\" data-widget_type=\"image-box.default\">\n\t\t\t\t<div class=\"elementor-widget-container\">\n\t\t\t\t\t<div class=\"elementor-image-box-wrapper\"><figure class=\"elementor-image-box-img\"><a href=\"#\" tabindex=\"-1\"><img loading=\"lazy\" decoding=\"async\" width=\"512\" height=\"512\" src=\"https:\/\/www.gmp-avcarthage.com\/wp-content\/uploads\/2025\/05\/toolbox.png\" class=\"elementor-animation-shrink attachment-full size-full wp-image-5226\" alt=\"\" srcset=\"https:\/\/www.gmp-avcarthage.com\/wp-content\/uploads\/2025\/05\/toolbox.png 512w, https:\/\/www.gmp-avcarthage.com\/wp-content\/uploads\/2025\/05\/toolbox-300x300.png 300w, https:\/\/www.gmp-avcarthage.com\/wp-content\/uploads\/2025\/05\/toolbox-150x150.png 150w, https:\/\/www.gmp-avcarthage.com\/wp-content\/uploads\/2025\/05\/toolbox-120x120.png 120w, https:\/\/www.gmp-avcarthage.com\/wp-content\/uploads\/2025\/05\/toolbox-12x12.png 12w, https:\/\/www.gmp-avcarthage.com\/wp-content\/uploads\/2025\/05\/toolbox-480x480.png 480w, https:\/\/www.gmp-avcarthage.com\/wp-content\/uploads\/2025\/05\/toolbox-46x46.png 46w, https:\/\/www.gmp-avcarthage.com\/wp-content\/uploads\/2025\/05\/toolbox-100x100.png 100w, https:\/\/www.gmp-avcarthage.com\/wp-content\/uploads\/2025\/05\/toolbox-54x54.png 54w, https:\/\/www.gmp-avcarthage.com\/wp-content\/uploads\/2025\/05\/toolbox-310x310.png 310w, https:\/\/www.gmp-avcarthage.com\/wp-content\/uploads\/2025\/05\/toolbox-80x80.png 80w\" sizes=\"(max-width: 512px) 100vw, 512px\" \/><\/a><\/figure><div class=\"elementor-image-box-content\"><h4 class=\"elementor-image-box-title\"><a href=\"#\">Outillage<\/a><\/h4><p class=\"elementor-image-box-description\">Outils de qualit\u00e9 pour tous vos projets de construction et de r\u00e9paration.\n\n<\/p><\/div><\/div>\t\t\t\t<\/div>\n\t\t\t\t<\/div>\n\t\t\t\t<div class=\"elementor-element elementor-element-3b73820 elementor-position-left elementor-vertical-align-middle elementor-widget elementor-widget-image-box\" data-id=\"3b73820\" data-element_type=\"widget\" data-widget_type=\"image-box.default\">\n\t\t\t\t<div class=\"elementor-widget-container\">\n\t\t\t\t\t<div class=\"elementor-image-box-wrapper\"><figure class=\"elementor-image-box-img\"><a href=\"#\" tabindex=\"-1\"><img loading=\"lazy\" decoding=\"async\" width=\"512\" height=\"512\" src=\"https:\/\/www.gmp-avcarthage.com\/wp-content\/uploads\/2025\/05\/tire.png\" class=\"elementor-animation-shrink attachment-full size-full wp-image-5227\" alt=\"\" srcset=\"https:\/\/www.gmp-avcarthage.com\/wp-content\/uploads\/2025\/05\/tire.png 512w, https:\/\/www.gmp-avcarthage.com\/wp-content\/uploads\/2025\/05\/tire-300x300.png 300w, https:\/\/www.gmp-avcarthage.com\/wp-content\/uploads\/2025\/05\/tire-150x150.png 150w, https:\/\/www.gmp-avcarthage.com\/wp-content\/uploads\/2025\/05\/tire-120x120.png 120w, https:\/\/www.gmp-avcarthage.com\/wp-content\/uploads\/2025\/05\/tire-12x12.png 12w, https:\/\/www.gmp-avcarthage.com\/wp-content\/uploads\/2025\/05\/tire-480x480.png 480w, https:\/\/www.gmp-avcarthage.com\/wp-content\/uploads\/2025\/05\/tire-46x46.png 46w, https:\/\/www.gmp-avcarthage.com\/wp-content\/uploads\/2025\/05\/tire-100x100.png 100w, https:\/\/www.gmp-avcarthage.com\/wp-content\/uploads\/2025\/05\/tire-54x54.png 54w, https:\/\/www.gmp-avcarthage.com\/wp-content\/uploads\/2025\/05\/tire-310x310.png 310w, https:\/\/www.gmp-avcarthage.com\/wp-content\/uploads\/2025\/05\/tire-80x80.png 80w\" sizes=\"(max-width: 512px) 100vw, 512px\" \/><\/a><\/figure><div class=\"elementor-image-box-content\"><h4 class=\"elementor-image-box-title\"><a href=\"#\">Pneumatique<\/a><\/h4><p class=\"elementor-image-box-description\">Outils pneumatiques professionnels pour des travaux efficaces et puissants.<\/p><\/div><\/div>\t\t\t\t<\/div>\n\t\t\t\t<\/div>\n\t\t\t\t\t<\/div>\n\t\t<\/div>\n\t\t\t\t\t<\/div>\n\t\t<\/section>\n\t\t\t\t\t<\/div>\n\t\t<\/div>\n\t\t\t\t\t<\/div>\n\t\t<\/section>\n\t\t\t\t<section class=\"elementor-section elementor-top-section elementor-element elementor-element-6e4a27f elementor-section-boxed elementor-section-height-default elementor-section-height-default\" data-id=\"6e4a27f\" data-element_type=\"section\">\n\t\t\t\t\t\t<div class=\"elementor-container elementor-column-gap-default\">\n\t\t\t\t\t<div class=\"elementor-column elementor-col-100 elementor-top-column elementor-element elementor-element-389e40d\" data-id=\"389e40d\" data-element_type=\"column\">\n\t\t\t<div class=\"elementor-widget-wrap elementor-element-populated\">\n\t\t\t\t\t\t<div class=\"elementor-element elementor-element-e6e2e68 elementor-widget elementor-widget-text-editor\" data-id=\"e6e2e68\" data-element_type=\"widget\" data-widget_type=\"text-editor.default\">\n\t\t\t\t<div class=\"elementor-widget-container\">\n\t\t\t\t\t\t\t\t\t<blockquote class=\"style-2\" style=\"font-size: 30px;\"><p>\u00c9quipez-vous avec du mat\u00e9riel professionnel fiable pour vos projets les plus exigeants. D\u00e9couvrez notre gamme d\u00e8s maintenant !<\/p><\/blockquote>\t\t\t\t\t\t\t\t<\/div>\n\t\t\t\t<\/div>\n\t\t\t\t\t<\/div>\n\t\t<\/div>\n\t\t\t\t\t<\/div>\n\t\t<\/section>\n\t\t\t\t<section class=\"elementor-section elementor-top-section elementor-element elementor-element-2e2322d elementor-section-stretched elementor-section-boxed elementor-section-height-default elementor-section-height-default\" data-id=\"2e2322d\" data-element_type=\"section\" data-settings=\"{&quot;stretch_section&quot;:&quot;section-stretched&quot;,&quot;background_background&quot;:&quot;classic&quot;}\">\n\t\t\t\t\t\t<div class=\"elementor-container elementor-column-gap-default\">\n\t\t\t\t\t<div class=\"elementor-column elementor-col-100 elementor-top-column elementor-element elementor-element-848431e\" data-id=\"848431e\" data-element_type=\"column\">\n\t\t\t<div class=\"elementor-widget-wrap elementor-element-populated\">\n\t\t\t\t\t\t<div class=\"elementor-element elementor-element-576733f elementor-widget elementor-widget-heading\" data-id=\"576733f\" data-element_type=\"widget\" data-widget_type=\"heading.default\">\n\t\t\t\t<div class=\"elementor-widget-container\">\n\t\t\t\t\t<h2 class=\"elementor-heading-title elementor-size-default\">Avis Clients<\/h2>\t\t\t\t<\/div>\n\t\t\t\t<\/div>\n\t\t\t\t<div class=\"elementor-element elementor-element-281c3d0 elementor-widget elementor-widget-ts-testimonial\" data-id=\"281c3d0\" data-element_type=\"widget\" data-widget_type=\"ts-testimonial.default\">\n\t\t\t\t<div class=\"elementor-widget-container\">\n\t\t\t\t\t\t\t\t<div class=\"ts-testimonial-wrapper ts-shortcode columns-3 text-light ts-slider show-dots\" data-columns=\"3\" data-nav=\"0\" data-dots=\"1\" data-autoplay=\"0\">\n\t\t\n\t\t\t\t<div class=\"items loading\">\n\t\t\t\t\t\t\t\t\t<div class=\"item\">\n\t\t\t\t\t\t<blockquote>\n\t\t\t\t\t\t\n\t\t\t\t\t\t\t<div class=\"content\">\n\t\t\t\t\t\t\t\t \n\t\t\t\t\t\t\t\t\tEna client men 2023 o el khedma maa gmp professionnel aalekhr.\t\t\t\t\t\t\t\t\t\t\t\t\t\t\t<\/div>\n\n\t\t\t\t\t\t\t<div class=\"author-role\">\n\t\t\t\t\t\t\t\n\t\t\t\t\t\t\t\t\t\t\t\t\t\t\t\t<div class=\"image\">\n\t\t\t\t\t\t\t\t\t<img loading=\"lazy\" decoding=\"async\" width=\"44\" height=\"44\" src=\"https:\/\/www.gmp-avcarthage.com\/wp-content\/uploads\/2022\/03\/author.jpg\" class=\"attachment-120x120 size-120x120 wp-post-image\" alt=\"\" \/>\t\t\t\t\t\t\t\t<\/div>\n\t\t\t\t\t\t\t\t\t\t\t\t\t\t\t\t\n\t\t\t\t\t\t\t\t<div class=\"author-date\">\n\t\t\t\t\t\t\t\t\t\t\t\t\t\t\t\t\t\t<span class=\"author\">\n\t\t\t\t\t\t\t\t\t\t<a href=\"#\" target=\"_blank\">Ahmed<\/a>\n\t\t\t\t\t\t\t\t\t<\/span>\n\t\t\t\t\t\t\t\t\t\t\t\t\t\t\t\t\t\t\n\t\t\t\t\t\t\t\t\t\t\t\t\t\t\t\t\t\t\n\t\t\t\t\t\t\t\t\t\t\t\t\t\t\t\t\t\t\n\t\t\t\t\t\t\t\t\t\t\t\t\t\t\t\t\t\t\t<div class=\"rating\" title=\"Rated 4.5 out of 5\">\n\t\t\t\t\t\t\t\t\t\t\t<span style=\"width: 90%\">Rated 4.5 out of 5<\/span>\n\t\t\t\t\t\t\t\t\t\t<\/div>\n\t\t\t\t\t\t\t\t\t\t\t\t\t\t\t\t\t<\/div>\n\t\t\t\t\t\t\t\t\n\t\t\t\t\t\t\t<\/div>\n\t\t\t\t\t\t\t\n\t\t\t\t\t\t<\/blockquote>\n\t\t\t\t\t<\/div>\n\t\t\t\t\t\t\t\t\t\t<div class=\"item\">\n\t\t\t\t\t\t<blockquote>\n\t\t\t\t\t\t\n\t\t\t\t\t\t\t<div class=\"content\">\n\t\t\t\t\t\t\t\t \n\t\t\t\t\t\t\t\t\tNansah ay ensen bech yetaaml maakom \u00e9quipe behia barcha.\t\t\t\t\t\t\t\t\t\t\t\t\t\t\t<\/div>\n\n\t\t\t\t\t\t\t<div class=\"author-role\">\n\t\t\t\t\t\t\t\n\t\t\t\t\t\t\t\t\t\t\t\t\t\t\t\t<div class=\"image\">\n\t\t\t\t\t\t\t\t\t<img loading=\"lazy\" decoding=\"async\" width=\"44\" height=\"44\" src=\"https:\/\/www.gmp-avcarthage.com\/wp-content\/uploads\/2022\/03\/author.jpg\" class=\"attachment-120x120 size-120x120 wp-post-image\" alt=\"\" \/>\t\t\t\t\t\t\t\t<\/div>\n\t\t\t\t\t\t\t\t\t\t\t\t\t\t\t\t\n\t\t\t\t\t\t\t\t<div class=\"author-date\">\n\t\t\t\t\t\t\t\t\t\t\t\t\t\t\t\t\t\t<span class=\"author\">\n\t\t\t\t\t\t\t\t\t\t<a href=\"#\" target=\"_blank\">Riadh<\/a>\n\t\t\t\t\t\t\t\t\t<\/span>\n\t\t\t\t\t\t\t\t\t\t\t\t\t\t\t\t\t\t\n\t\t\t\t\t\t\t\t\t\t\t\t\t\t\t\t\t\t\n\t\t\t\t\t\t\t\t\t\t\t\t\t\t\t\t\t\t\n\t\t\t\t\t\t\t\t\t\t\t\t\t\t\t\t\t\t\t<div class=\"rating\" title=\"Rated 4 out of 5\">\n\t\t\t\t\t\t\t\t\t\t\t<span style=\"width: 80%\">Rated 4 out of 5<\/span>\n\t\t\t\t\t\t\t\t\t\t<\/div>\n\t\t\t\t\t\t\t\t\t\t\t\t\t\t\t\t\t<\/div>\n\t\t\t\t\t\t\t\t\n\t\t\t\t\t\t\t<\/div>\n\t\t\t\t\t\t\t\n\t\t\t\t\t\t<\/blockquote>\n\t\t\t\t\t<\/div>\n\t\t\t\t\t\t\t\t\t\t<div class=\"item\">\n\t\t\t\t\t\t<blockquote>\n\t\t\t\t\t\t\n\t\t\t\t\t\t\t<div class=\"content\">\n\t\t\t\t\t\t\t\t \n\t\t\t\t\t\t\t\t\ttr\u00e8s professionnel o aham haja el choix kolchay mawjoud tbarkallah.\t\t\t\t\t\t\t\t\t\t\t\t\t\t\t<\/div>\n\n\t\t\t\t\t\t\t<div class=\"author-role\">\n\t\t\t\t\t\t\t\n\t\t\t\t\t\t\t\t\t\t\t\t\t\t\t\t<div class=\"image\">\n\t\t\t\t\t\t\t\t\t<img loading=\"lazy\" decoding=\"async\" width=\"44\" height=\"44\" src=\"https:\/\/www.gmp-avcarthage.com\/wp-content\/uploads\/2022\/03\/author.jpg\" class=\"attachment-120x120 size-120x120 wp-post-image\" alt=\"\" \/>\t\t\t\t\t\t\t\t<\/div>\n\t\t\t\t\t\t\t\t\t\t\t\t\t\t\t\t\n\t\t\t\t\t\t\t\t<div class=\"author-date\">\n\t\t\t\t\t\t\t\t\t\t\t\t\t\t\t\t\t\t<span class=\"author\">\n\t\t\t\t\t\t\t\t\t\t<a href=\"#\" target=\"_blank\">Sami<\/a>\n\t\t\t\t\t\t\t\t\t<\/span>\n\t\t\t\t\t\t\t\t\t\t\t\t\t\t\t\t\t\t\n\t\t\t\t\t\t\t\t\t\t\t\t\t\t\t\t\t\t\n\t\t\t\t\t\t\t\t\t\t\t\t\t\t\t\t\t\t\n\t\t\t\t\t\t\t\t\t\t\t\t\t\t\t\t\t\t\t<div class=\"rating\" title=\"Rated 4 out of 5\">\n\t\t\t\t\t\t\t\t\t\t\t<span style=\"width: 80%\">Rated 4 out of 5<\/span>\n\t\t\t\t\t\t\t\t\t\t<\/div>\n\t\t\t\t\t\t\t\t\t\t\t\t\t\t\t\t\t<\/div>\n\t\t\t\t\t\t\t\t\n\t\t\t\t\t\t\t<\/div>\n\t\t\t\t\t\t\t\n\t\t\t\t\t\t<\/blockquote>\n\t\t\t\t\t<\/div>\n\t\t\t\t\t\t\t\t\t<\/div>\n\t\t\t<\/div>\n\t\t\t\t\t\t\t<\/div>\n\t\t\t\t<\/div>\n\t\t\t\t\t<\/div>\n\t\t<\/div>\n\t\t\t\t\t<\/div>\n\t\t<\/section>\n\t\t\t\t<\/div>","protected":false},"excerpt":{"rendered":"<p>Notre Histoire\u00a0 Magasin GMP Votre magasin de confiance pour tous vos travaux, \u00e0 l\u2019int\u00e9rieur comme \u00e0 l\u2019ext\u00e9rieur !Nous vous proposons une large s\u00e9lection de produits de qualit\u00e9 pour r\u00e9pondre \u00e0 tous vos besoins en pneumatique, outillage, bricolage et jardinage. Que vous soyez un professionnel ou un particulier, vous trouverez chez nous tout le mat\u00e9riel n\u00e9cessaire [&hellip;]<\/p>","protected":false},"author":1,"featured_media":0,"parent":0,"menu_order":0,"comment_status":"closed","ping_status":"closed","template":"","meta":{"footnotes":""},"class_list":["post-357","page","type-page","status-publish","hentry"],"_links":{"self":[{"href":"https:\/\/www.gmp-avcarthage.com\/fr\/wp-json\/wp\/v2\/pages\/357","targetHints":{"allow":["GET"]}}],"collection":[{"href":"https:\/\/www.gmp-avcarthage.com\/fr\/wp-json\/wp\/v2\/pages"}],"about":[{"href":"https:\/\/www.gmp-avcarthage.com\/fr\/wp-json\/wp\/v2\/types\/page"}],"author":[{"embeddable":true,"href":"https:\/\/www.gmp-avcarthage.com\/fr\/wp-json\/wp\/v2\/users\/1"}],"replies":[{"embeddable":true,"href":"https:\/\/www.gmp-avcarthage.com\/fr\/wp-json\/wp\/v2\/comments?post=357"}],"version-history":[{"count":4,"href":"https:\/\/www.gmp-avcarthage.com\/fr\/wp-json\/wp\/v2\/pages\/357\/revisions"}],"predecessor-version":[{"id":5230,"href":"https:\/\/www.gmp-avcarthage.com\/fr\/wp-json\/wp\/v2\/pages\/357\/revisions\/5230"}],"wp:attachment":[{"href":"https:\/\/www.gmp-avcarthage.com\/fr\/wp-json\/wp\/v2\/media?parent=357"}],"curies":[{"name":"wp","href":"https:\/\/api.w.org\/{rel}","templated":true}]}}