{"id":3578,"date":"2022-04-19T21:57:46","date_gmt":"2022-04-19T14:57:46","guid":{"rendered":"http:\/\/www.gmp-avcarthage.com\/?post_type=product&#038;p=3578"},"modified":"2025-05-14T18:13:47","modified_gmt":"2025-05-14T18:13:47","slug":"lea-coupe-bordure-electrique-550-w-tondeuse-debroussailleuse","status":"publish","type":"product","link":"https:\/\/www.gmp-avcarthage.com\/fr\/produit\/lea-coupe-bordure-electrique-550-w-tondeuse-debroussailleuse\/","title":{"rendered":"Lea Coupe bordure \u00e9lectrique 550 W &#8211; Tondeuse d\u00e9broussailleuse"},"content":{"rendered":"<p>La Lea Coupe Bordure \u00e9lectrique de 550 W est l&#8217;outil id\u00e9al pour votre jardin. Elle sert \u00e0 la fois de coupe-herbe et de tondeuse d\u00e9broussailleuse, garantissant un jardin propre et bien entretenu. Facile \u00e0 utiliser et performante.<\/p>","protected":false},"excerpt":{"rendered":"<p>The small round table in the dinette may be great for casual meals with your family, but inviting overnight guests.<\/p>\n<ul>\n<li>Country: USA<\/li>\n<li>Part Number: A123-3416<\/li>\n<li>Color: White\/Sliver<\/li>\n<\/ul>","protected":false},"featured_media":5176,"comment_status":"open","ping_status":"closed","template":"","meta":[],"product_brand":[],"product_cat":[71],"product_tag":[49,120,139],"class_list":{"0":"post-3578","1":"product","2":"type-product","3":"status-publish","4":"has-post-thumbnail","6":"product_cat-jardinage","7":"product_tag-auto","8":"product_tag-stainless","9":"product_tag-wheel","11":"first","12":"instock","13":"shipping-taxable","14":"purchasable","15":"product-type-simple"},"_links":{"self":[{"href":"https:\/\/www.gmp-avcarthage.com\/fr\/wp-json\/wp\/v2\/product\/3578","targetHints":{"allow":["GET"]}}],"collection":[{"href":"https:\/\/www.gmp-avcarthage.com\/fr\/wp-json\/wp\/v2\/product"}],"about":[{"href":"https:\/\/www.gmp-avcarthage.com\/fr\/wp-json\/wp\/v2\/types\/product"}],"replies":[{"embeddable":true,"href":"https:\/\/www.gmp-avcarthage.com\/fr\/wp-json\/wp\/v2\/comments?post=3578"}],"wp:featuredmedia":[{"embeddable":true,"href":"https:\/\/www.gmp-avcarthage.com\/fr\/wp-json\/wp\/v2\/media\/5176"}],"wp:attachment":[{"href":"https:\/\/www.gmp-avcarthage.com\/fr\/wp-json\/wp\/v2\/media?parent=3578"}],"wp:term":[{"taxonomy":"product_brand","embeddable":true,"href":"https:\/\/www.gmp-avcarthage.com\/fr\/wp-json\/wp\/v2\/product_brand?post=3578"},{"taxonomy":"product_cat","embeddable":true,"href":"https:\/\/www.gmp-avcarthage.com\/fr\/wp-json\/wp\/v2\/product_cat?post=3578"},{"taxonomy":"product_tag","embeddable":true,"href":"https:\/\/www.gmp-avcarthage.com\/fr\/wp-json\/wp\/v2\/product_tag?post=3578"}],"curies":[{"name":"wp","href":"https:\/\/api.w.org\/{rel}","templated":true}]}}