{"id":5177,"date":"2025-05-14T13:17:47","date_gmt":"2025-05-14T13:17:47","guid":{"rendered":"http:\/\/www.gmp-avcarthage.com\/?post_type=product&#038;p=5177"},"modified":"2025-05-14T13:17:47","modified_gmt":"2025-05-14T13:17:47","slug":"tronconneuse-a-essence-46cc-18","status":"publish","type":"product","link":"https:\/\/www.gmp-avcarthage.com\/fr\/produit\/tronconneuse-a-essence-46cc-18\/","title":{"rendered":"Tron\u00e7onneuse \u00e0 Essence 46CC 18&#8243;"},"content":{"rendered":"<div class=\"product-social-links\">\n<div class=\"product-social-inner\">\n<div class=\"product attribute overview\">\n<div class=\"value\">\n<ul>\n<li>Puissance du moteur : 46 CC, 1800W<\/li>\n<li>Vitesse de rotation : 11 000 tr\/min<\/li>\n<li>Diam\u00e8tre de coupe : 445 mm (18 pouces)<\/li>\n<li>Capacit\u00e9 du r\u00e9servoir de carburant : 550 ml<\/li>\n<li>Capacit\u00e9 du r\u00e9servoir d\u2019huile de graissage : 260 ml<\/li>\n<li>Type de moteur : 2 temps<\/li>\n<li>Accessoires inclus : Cha\u00eene, barre de scie \u00e0 cha\u00eene, bouteille d\u2019huile<\/li>\n<li>Polyvalence : Adapt\u00e9e \u00e0 une vari\u00e9t\u00e9 de projets de coupe<\/li>\n<\/ul>\n<\/div>\n<\/div>\n<\/div>\n<\/div>\n<div class=\"product pricing\">Tron\u00e7onneuse \u00e0 Essence 46CC 18\u2033 doit \u00eatre achet\u00e9 par multiple de 1<\/div>","protected":false},"excerpt":{"rendered":"<p>Puissance du moteur : 46 CC, 1800W Vitesse de rotation : 11 000 tr\/min Diam\u00e8tre de coupe : 445 mm (18 pouces) Capacit\u00e9 du r\u00e9servoir de carburant : 550 ml Capacit\u00e9 du r\u00e9servoir d\u2019huile de graissage : 260 ml Type de moteur : 2 temps Accessoires inclus : Cha\u00eene, barre de scie \u00e0 cha\u00eene, bouteille [&hellip;]<\/p>","protected":false},"featured_media":5178,"comment_status":"open","ping_status":"closed","template":"","meta":[],"product_brand":[],"product_cat":[71],"product_tag":[],"class_list":{"0":"post-5177","1":"product","2":"type-product","3":"status-publish","4":"has-post-thumbnail","6":"product_cat-jardinage","8":"first","9":"instock","10":"sale","11":"shipping-taxable","12":"purchasable","13":"product-type-simple"},"_links":{"self":[{"href":"https:\/\/www.gmp-avcarthage.com\/fr\/wp-json\/wp\/v2\/product\/5177","targetHints":{"allow":["GET"]}}],"collection":[{"href":"https:\/\/www.gmp-avcarthage.com\/fr\/wp-json\/wp\/v2\/product"}],"about":[{"href":"https:\/\/www.gmp-avcarthage.com\/fr\/wp-json\/wp\/v2\/types\/product"}],"replies":[{"embeddable":true,"href":"https:\/\/www.gmp-avcarthage.com\/fr\/wp-json\/wp\/v2\/comments?post=5177"}],"wp:featuredmedia":[{"embeddable":true,"href":"https:\/\/www.gmp-avcarthage.com\/fr\/wp-json\/wp\/v2\/media\/5178"}],"wp:attachment":[{"href":"https:\/\/www.gmp-avcarthage.com\/fr\/wp-json\/wp\/v2\/media?parent=5177"}],"wp:term":[{"taxonomy":"product_brand","embeddable":true,"href":"https:\/\/www.gmp-avcarthage.com\/fr\/wp-json\/wp\/v2\/product_brand?post=5177"},{"taxonomy":"product_cat","embeddable":true,"href":"https:\/\/www.gmp-avcarthage.com\/fr\/wp-json\/wp\/v2\/product_cat?post=5177"},{"taxonomy":"product_tag","embeddable":true,"href":"https:\/\/www.gmp-avcarthage.com\/fr\/wp-json\/wp\/v2\/product_tag?post=5177"}],"curies":[{"name":"wp","href":"https:\/\/api.w.org\/{rel}","templated":true}]}}