{"id":5181,"date":"2025-05-14T13:32:36","date_gmt":"2025-05-14T13:32:36","guid":{"rendered":"http:\/\/www.gmp-avcarthage.com\/?post_type=product&#038;p=5181"},"modified":"2025-05-14T13:32:36","modified_gmt":"2025-05-14T13:32:36","slug":"tondeuse-a-gazon-thermique-tractee-rm-650-t-stihl","status":"publish","type":"product","link":"https:\/\/www.gmp-avcarthage.com\/fr\/produit\/tondeuse-a-gazon-thermique-tractee-rm-650-t-stihl\/","title":{"rendered":"TONDEUSE \u00c0 GAZON THERMIQUE TRACT\u00c9E \u2013 RM 650 T STIHL"},"content":{"rendered":"<p>La RM 650 T STIHL est une tondeuse \u00e0 gazon thermique puissante pour une tonte exigeante et facile \u00e0 utiliser sur de grandes superficies gr\u00e2ce \u00e0 sa fonction tract\u00e9e. Ses caract\u00e9ristiques techniques sont pens\u00e9es pour vous faciliter le travail :<\/p>\n<ul>\n<li><b>Poign\u00e9e ergonomique :\u00a0<\/b>pour une tonte confortable.<\/li>\n<li><b>Largeur de coupe :\u00a0<\/b>48 cm<\/li>\n<li><b>Moteur :\u00a0<\/b>Kohler S\u00e9rie HD 775 OHV SC<\/li>\n<li><b>Mulching :\u00a0<\/b>int\u00e9gr\u00e9<\/li>\n<li><b>Bac de ramassage :\u00a0<\/b>70 litres.<\/li>\n<li><b>Guidon EasyBac :\u00a0<\/b>facilite l\u2019accessibilit\u00e9 et la manipulation du bac de ramassage.<\/li>\n<\/ul>","protected":false},"excerpt":{"rendered":"<p>La RM 650 T STIHL est une tondeuse \u00e0 gazon thermique puissante pour une tonte exigeante et facile \u00e0 utiliser sur de grandes superficies gr\u00e2ce \u00e0 sa fonction tract\u00e9e. Ses caract\u00e9ristiques techniques sont pens\u00e9es pour vous faciliter le travail : Poign\u00e9e ergonomique :\u00a0pour une tonte confortable. Largeur de coupe :\u00a048 cm Moteur :\u00a0Kohler S\u00e9rie HD [&hellip;]<\/p>","protected":false},"featured_media":5182,"comment_status":"open","ping_status":"closed","template":"","meta":[],"product_brand":[],"product_cat":[71],"product_tag":[],"class_list":{"0":"post-5181","1":"product","2":"type-product","3":"status-publish","4":"has-post-thumbnail","6":"product_cat-jardinage","8":"first","9":"instock","10":"sale","11":"shipping-taxable","12":"purchasable","13":"product-type-simple"},"_links":{"self":[{"href":"https:\/\/www.gmp-avcarthage.com\/fr\/wp-json\/wp\/v2\/product\/5181","targetHints":{"allow":["GET"]}}],"collection":[{"href":"https:\/\/www.gmp-avcarthage.com\/fr\/wp-json\/wp\/v2\/product"}],"about":[{"href":"https:\/\/www.gmp-avcarthage.com\/fr\/wp-json\/wp\/v2\/types\/product"}],"replies":[{"embeddable":true,"href":"https:\/\/www.gmp-avcarthage.com\/fr\/wp-json\/wp\/v2\/comments?post=5181"}],"wp:featuredmedia":[{"embeddable":true,"href":"https:\/\/www.gmp-avcarthage.com\/fr\/wp-json\/wp\/v2\/media\/5182"}],"wp:attachment":[{"href":"https:\/\/www.gmp-avcarthage.com\/fr\/wp-json\/wp\/v2\/media?parent=5181"}],"wp:term":[{"taxonomy":"product_brand","embeddable":true,"href":"https:\/\/www.gmp-avcarthage.com\/fr\/wp-json\/wp\/v2\/product_brand?post=5181"},{"taxonomy":"product_cat","embeddable":true,"href":"https:\/\/www.gmp-avcarthage.com\/fr\/wp-json\/wp\/v2\/product_cat?post=5181"},{"taxonomy":"product_tag","embeddable":true,"href":"https:\/\/www.gmp-avcarthage.com\/fr\/wp-json\/wp\/v2\/product_tag?post=5181"}],"curies":[{"name":"wp","href":"https:\/\/api.w.org\/{rel}","templated":true}]}}