{"id":5183,"date":"2025-05-14T13:40:16","date_gmt":"2025-05-14T13:40:16","guid":{"rendered":"http:\/\/www.gmp-avcarthage.com\/?post_type=product&#038;p=5183"},"modified":"2025-05-14T18:34:02","modified_gmt":"2025-05-14T18:34:02","slug":"foreuse-tariere-200mm","status":"publish","type":"product","link":"https:\/\/www.gmp-avcarthage.com\/fr\/produit\/foreuse-tariere-200mm\/","title":{"rendered":"FOREUSE-TARIERE-200MM"},"content":{"rendered":"<div class=\"product-social-links\">\n<div class=\"product-social-inner\">\n<div class=\"product attribute overview\">\n<div class=\"value\">\n<p>Caract\u00e9ristiques techniques :<\/p>\n<div dir=\"auto\">&#8211; Moteur : monocylindre 2 temps refroidi par air<\/div>\n<div dir=\"auto\">&#8211; Homologation : CE, GS, T\u00dcV<\/div>\n<div dir=\"auto\">&#8211; Cylindr\u00e9e : 52 cm3<\/div>\n<div dir=\"auto\">&#8211; Puissance : 3 CV (2.2 kW) \u00e0 7500 tr\/min<\/div>\n<div dir=\"auto\">&#8211; R\u00e9gime moteur maxi : 8500 tr\/min<\/div>\n<div dir=\"auto\">&#8211; Hauteur des m\u00e8ches 80 cm<\/div>\n<div dir=\"auto\">&#8211; Embrayage type centrifuge<\/div>\n<div dir=\"auto\">&#8211; Dispositif de d\u00e9marrage facile : pompe d&#8217;amor\u00e7age, starter et lanceur d\u00e9multipli\u00e9<\/div>\n<div dir=\"auto\">&#8211; S\u00e9curit\u00e9 : Arr\u00eat d&#8217;urgence, frein de m\u00e8che<\/div>\n<div dir=\"auto\">&#8211; Carburant : M\u00e9lange SP95 ou 98 avec 2,5% d&#8217;huile 2 Temps 100% de synth\u00e8se minimum ou 4% semi synth\u00e9tique<\/div>\n<div dir=\"auto\">&#8211; Volume du r\u00e9servoir d&#8217;essence : 700 ml<\/div>\n<div dir=\"auto\">&#8211; Poids : 7.3kg (sans m\u00e8che)<\/div>\n<div dir=\"auto\">\u00a0&#8211; Diam\u00e8tre m\u00e8che \u00a020 cm<\/div>\n<div dir=\"auto\">&#8211; Longueur m\u00e8che : 80 cm<\/div>\n<div dir=\"auto\">&#8211; Bidon pour m\u00e9lange<\/div>\n<div dir=\"auto\">&#8211; Pochette outil avec Cl\u00e9 \u00e0 bougie, tournevis.<\/div>\n<\/div>\n<\/div>\n<\/div>\n<\/div>\n<div class=\"product pricing\">FOREUSE-TARIERE-200MM doit \u00eatre achet\u00e9 par multiple de 1<\/div>\n<div class=\"product-inventory-deal\">\n<div class=\"product-deal\">\n<div class=\"deal-wrap\">\n<div class=\"deal-items\">\n<div class=\"deal-item days\"><\/div>\n<\/div>\n<\/div>\n<\/div>\n<\/div>","protected":false},"excerpt":{"rendered":"<p>Caract\u00e9ristiques techniques : &#8211; Moteur : monocylindre 2 temps refroidi par air &#8211; Homologation : CE, GS, T\u00dcV &#8211; Cylindr\u00e9e : 52 cm3 &#8211; Puissance : 3 CV (2.2 kW) \u00e0 7500 tr\/min &#8211; R\u00e9gime moteur maxi : 8500 tr\/min &#8211; Hauteur des m\u00e8ches 80 cm &#8211; Embrayage type centrifuge &#8211; Dispositif de d\u00e9marrage facile [&hellip;]<\/p>","protected":false},"featured_media":5184,"comment_status":"open","ping_status":"closed","template":"","meta":[],"product_brand":[],"product_cat":[71],"product_tag":[],"class_list":{"0":"post-5183","1":"product","2":"type-product","3":"status-publish","4":"has-post-thumbnail","6":"product_cat-jardinage","8":"first","9":"instock","10":"sale","11":"featured","12":"shipping-taxable","13":"purchasable","14":"product-type-simple"},"_links":{"self":[{"href":"https:\/\/www.gmp-avcarthage.com\/fr\/wp-json\/wp\/v2\/product\/5183","targetHints":{"allow":["GET"]}}],"collection":[{"href":"https:\/\/www.gmp-avcarthage.com\/fr\/wp-json\/wp\/v2\/product"}],"about":[{"href":"https:\/\/www.gmp-avcarthage.com\/fr\/wp-json\/wp\/v2\/types\/product"}],"replies":[{"embeddable":true,"href":"https:\/\/www.gmp-avcarthage.com\/fr\/wp-json\/wp\/v2\/comments?post=5183"}],"wp:featuredmedia":[{"embeddable":true,"href":"https:\/\/www.gmp-avcarthage.com\/fr\/wp-json\/wp\/v2\/media\/5184"}],"wp:attachment":[{"href":"https:\/\/www.gmp-avcarthage.com\/fr\/wp-json\/wp\/v2\/media?parent=5183"}],"wp:term":[{"taxonomy":"product_brand","embeddable":true,"href":"https:\/\/www.gmp-avcarthage.com\/fr\/wp-json\/wp\/v2\/product_brand?post=5183"},{"taxonomy":"product_cat","embeddable":true,"href":"https:\/\/www.gmp-avcarthage.com\/fr\/wp-json\/wp\/v2\/product_cat?post=5183"},{"taxonomy":"product_tag","embeddable":true,"href":"https:\/\/www.gmp-avcarthage.com\/fr\/wp-json\/wp\/v2\/product_tag?post=5183"}],"curies":[{"name":"wp","href":"https:\/\/api.w.org\/{rel}","templated":true}]}}