{"id":5210,"date":"2025-05-14T18:16:43","date_gmt":"2025-05-14T18:16:43","guid":{"rendered":"http:\/\/www.gmp-avcarthage.com\/?post_type=product&#038;p=5210"},"modified":"2025-05-14T18:33:59","modified_gmt":"2025-05-14T18:33:59","slug":"perceuse-visseuse-a-percussion-sans-fil-20v-ingco","status":"publish","type":"product","link":"https:\/\/www.gmp-avcarthage.com\/fr\/produit\/perceuse-visseuse-a-percussion-sans-fil-20v-ingco\/","title":{"rendered":"Perceuse Visseuse \u00e0 Percussion sans Fil 20V INGCO"},"content":{"rendered":"<div class=\"product-social-links\">\n<div class=\"product-social-inner\">\n<div class=\"product attribute overview\">\n<div class=\"value\">\n<ul>\n<li>Dimensions du produit (L x l x h) : 32 x 9 x 25 cm; 380 grammes<\/li>\n<li>Batterie(s) :2 Lithium-ion &#8211; incluse(s)<\/li>\n<li>Mati\u00e8re\u00a0: Plastique, M\u00e9tal<\/li>\n<li>Type d&#8217;alimentation : \u00c0 Batterie<\/li>\n<li>Tension :20 Volts<\/li>\n<li>Couple :\u200e60 Newton Meters<\/li>\n<li>Vitesse : 2000 tr\/min<\/li>\n<li>Fonctions sp\u00e9ciales : Lampe de travail \u00e0 LED int\u00e9gr\u00e9e, Portable, Sans fil, Moteur sans balais<\/li>\n<li>Composants inclus : 1x perceuse \u00e0 percussion, 2x batteries 2,0 Ah, 1x chargeur rapide, 47x accessoires, 3x forets \u00e0 ma\u00e7onnerie, 1x bo\u00eete d&#8217;emballage en plastique<\/li>\n<li>Type de batterie : Lithium<\/li>\n<li>Capacit\u00e9 des batterie : 2000 Milliamp\u00e8res-heure (mAh)<\/li>\n<\/ul>\n<div><\/div>\n<\/div>\n<\/div>\n<\/div>\n<\/div>\n<div class=\"product pricing\">Perceuse Visseuse \u00e0 Percussion sans Fil 20V INGCO doit \u00eatre achet\u00e9 par multiple de 1<\/div>","protected":false},"excerpt":{"rendered":"<p>Dimensions du produit (L x l x h) : 32 x 9 x 25 cm; 380 grammes Batterie(s) :2 Lithium-ion &#8211; incluse(s) Mati\u00e8re\u00a0: Plastique, M\u00e9tal Type d&#8217;alimentation : \u00c0 Batterie Tension :20 Volts Couple :\u200e60 Newton Meters Vitesse : 2000 tr\/min Fonctions sp\u00e9ciales : Lampe de travail \u00e0 LED int\u00e9gr\u00e9e, Portable, Sans fil, Moteur sans [&hellip;]<\/p>","protected":false},"featured_media":5211,"comment_status":"open","ping_status":"closed","template":"","meta":[],"product_brand":[],"product_cat":[82],"product_tag":[],"class_list":{"0":"post-5210","1":"product","2":"type-product","3":"status-publish","4":"has-post-thumbnail","6":"product_cat-bricolage","8":"first","9":"instock","10":"sale","11":"featured","12":"shipping-taxable","13":"purchasable","14":"product-type-simple"},"_links":{"self":[{"href":"https:\/\/www.gmp-avcarthage.com\/fr\/wp-json\/wp\/v2\/product\/5210","targetHints":{"allow":["GET"]}}],"collection":[{"href":"https:\/\/www.gmp-avcarthage.com\/fr\/wp-json\/wp\/v2\/product"}],"about":[{"href":"https:\/\/www.gmp-avcarthage.com\/fr\/wp-json\/wp\/v2\/types\/product"}],"replies":[{"embeddable":true,"href":"https:\/\/www.gmp-avcarthage.com\/fr\/wp-json\/wp\/v2\/comments?post=5210"}],"wp:featuredmedia":[{"embeddable":true,"href":"https:\/\/www.gmp-avcarthage.com\/fr\/wp-json\/wp\/v2\/media\/5211"}],"wp:attachment":[{"href":"https:\/\/www.gmp-avcarthage.com\/fr\/wp-json\/wp\/v2\/media?parent=5210"}],"wp:term":[{"taxonomy":"product_brand","embeddable":true,"href":"https:\/\/www.gmp-avcarthage.com\/fr\/wp-json\/wp\/v2\/product_brand?post=5210"},{"taxonomy":"product_cat","embeddable":true,"href":"https:\/\/www.gmp-avcarthage.com\/fr\/wp-json\/wp\/v2\/product_cat?post=5210"},{"taxonomy":"product_tag","embeddable":true,"href":"https:\/\/www.gmp-avcarthage.com\/fr\/wp-json\/wp\/v2\/product_tag?post=5210"}],"curies":[{"name":"wp","href":"https:\/\/api.w.org\/{rel}","templated":true}]}}