{"id":5218,"date":"2025-05-14T18:26:34","date_gmt":"2025-05-14T18:26:34","guid":{"rendered":"http:\/\/www.gmp-avcarthage.com\/?post_type=product&#038;p=5218"},"modified":"2025-05-14T18:26:35","modified_gmt":"2025-05-14T18:26:35","slug":"meuleuse-dangle-2200w-ingco-ag220018","status":"publish","type":"product","link":"https:\/\/www.gmp-avcarthage.com\/fr\/produit\/meuleuse-dangle-2200w-ingco-ag220018\/","title":{"rendered":"Meuleuse D&#8217;angle 2200W INGCO AG220018"},"content":{"rendered":"<p><strong>Meuleuse D&#8217;angle 2200W INGCO AG220018<\/strong>\u00a0&#8211; Tension: 220-240V &#8211; Fr\u00e9quence\u00a0: 50 \/ 60Hz &#8211; Puissance Nominale: 2200W &#8211; Vitesse de Rotation: 6600 tr\/min &#8211; Filetage De L&#8217;arbre: M 14 &#8211; Diam\u00e8tre De disque: 230mm &#8211; Diam\u00e8tre d&#8217;al\u00e9sage\u00a0: 22.2mm &#8211; 1 poign\u00e9e auxiliaire &#8211; Marque\u00a0: INGCO &#8211;\u00a0<strong>Garantie\u00a0: 15 Jours<\/strong><\/p>","protected":false},"excerpt":{"rendered":"<p>Meuleuse D&#8217;angle 2200W INGCO AG220018\u00a0&#8211; Tension: 220-240V &#8211; Fr\u00e9quence\u00a0: 50 \/ 60Hz &#8211; Puissance Nominale: 2200W &#8211; Vitesse de Rotation: 6600 tr\/min &#8211; Filetage De L&#8217;arbre: M 14 &#8211; Diam\u00e8tre De disque: 230mm &#8211; Diam\u00e8tre d&#8217;al\u00e9sage\u00a0: 22.2mm &#8211; 1 poign\u00e9e auxiliaire &#8211; Marque\u00a0: INGCO &#8211;\u00a0Garantie\u00a0: 15 Jours<\/p>","protected":false},"featured_media":5219,"comment_status":"open","ping_status":"closed","template":"","meta":[],"product_brand":[],"product_cat":[82],"product_tag":[],"class_list":{"0":"post-5218","1":"product","2":"type-product","3":"status-publish","4":"has-post-thumbnail","6":"product_cat-bricolage","8":"first","9":"instock","10":"sale","11":"shipping-taxable","12":"purchasable","13":"product-type-simple"},"_links":{"self":[{"href":"https:\/\/www.gmp-avcarthage.com\/fr\/wp-json\/wp\/v2\/product\/5218","targetHints":{"allow":["GET"]}}],"collection":[{"href":"https:\/\/www.gmp-avcarthage.com\/fr\/wp-json\/wp\/v2\/product"}],"about":[{"href":"https:\/\/www.gmp-avcarthage.com\/fr\/wp-json\/wp\/v2\/types\/product"}],"replies":[{"embeddable":true,"href":"https:\/\/www.gmp-avcarthage.com\/fr\/wp-json\/wp\/v2\/comments?post=5218"}],"wp:featuredmedia":[{"embeddable":true,"href":"https:\/\/www.gmp-avcarthage.com\/fr\/wp-json\/wp\/v2\/media\/5219"}],"wp:attachment":[{"href":"https:\/\/www.gmp-avcarthage.com\/fr\/wp-json\/wp\/v2\/media?parent=5218"}],"wp:term":[{"taxonomy":"product_brand","embeddable":true,"href":"https:\/\/www.gmp-avcarthage.com\/fr\/wp-json\/wp\/v2\/product_brand?post=5218"},{"taxonomy":"product_cat","embeddable":true,"href":"https:\/\/www.gmp-avcarthage.com\/fr\/wp-json\/wp\/v2\/product_cat?post=5218"},{"taxonomy":"product_tag","embeddable":true,"href":"https:\/\/www.gmp-avcarthage.com\/fr\/wp-json\/wp\/v2\/product_tag?post=5218"}],"curies":[{"name":"wp","href":"https:\/\/api.w.org\/{rel}","templated":true}]}}